{"id":1579,"date":"2025-01-21T17:30:07","date_gmt":"2025-01-21T16:30:07","guid":{"rendered":"https:\/\/kennedybenelux.com\/for-candidates\/"},"modified":"2025-05-15T10:04:13","modified_gmt":"2025-05-15T08:04:13","slug":"voor-kandidaten","status":"publish","type":"page","link":"https:\/\/kennedybenelux.com\/nl\/voor-kandidaten\/","title":{"rendered":"Voor kandidaten"},"content":{"rendered":"<div class=\"wpb-content-wrapper\"><p>[vc_row full_width=&#8221;stretch_row&#8221; content_placement=&#8221;bottom&#8221; row_height=&#8221;row_500px&#8221; bottom_line=&#8221;yes&#8221; gradient_overlay=&#8221;yes&#8221; css=&#8221;.vc_custom_1738313086332{padding-bottom: 60px !important;background-image: url(https:\/\/kennedybenelux.com\/wp-content\/uploads\/2025\/01\/For-candidates-header.jpg?id=640) !important;background-position: center !important;background-repeat: no-repeat !important;background-size: cover !important;}&#8221;][vc_column]\r\n        <div class=\"sd-block-title \">\r\n            <h1 class=\"sd-block-title-htag  marginbottom-0px align-center sub-title-position-below color-white font-xlarge\r\n            \">\r\n            \tVoor kandidaten\r\n            <\/h1>\r\n        <\/div>[\/vc_column][\/vc_row][vc_row last_row=\"true\" full_width=&#8221;stretch_row&#8221; sd_bg_color=&#8221;sd_bg_gray&#8221;][vc_column width=&#8221;1\/12&#8243; offset=&#8221;vc_col-lg-1 vc_col-md-1 vc_hidden-sm vc_hidden-xs&#8221;][\/vc_column][vc_column col_mobile_margin_bottom=&#8221;60px&#8221; col_tablet_margin_bottom=&#8221;60px&#8221; offset=&#8221;vc_col-lg-5 vc_col-md-5&#8243;]\r\n        <div class=\"sd-block-title \">\r\n            <h2 class=\"sd-block-title-htag  marginbottom-60px align-left sub-title-position-above color-blue font-middle\r\n            \">\r\n            \tUw succes is ons succes<span class=\"sub-title  sub-title-size-small\">Ontdek nieuwe kansen<\/span>\r\n            <\/h2>\r\n        <\/div>\r\n        <div class=\"sd-block-text  marginbottom-0px color-blue mobile_marginbottom-0px\r\n        \">\r\n            <p>De snel veranderende zakelijke wereld van vandaag vereist sterk leiderschap, aanpassingsvermogen, visie en veerkracht. Opkomende technologie\u00ebn, duurzaamheidstrends en veranderende verwachtingen van medewerkers herdefini\u00ebren industrie\u00ebn in een ongekend tempo. Om voorop te blijven, moeten executives veranderingen omarmen, snel op marktontwikkelingen anticiperen en de frisse en nieuwe inzichten van opkomende generaties zoals Gen-Z en Gen-Alpha benutten.<\/p>\n<p>Of u nu nieuwe kansen verkent of uw executive vaardigheden wilt verfijnen, wij zijn hier om uw reis te ondersteunen. Met onze diepgaande marktkennis en ons uitgebreide netwerk begeleiden wij senior professionals naar hun volgende carri\u00e8restap.<\/p>\n<p>Ontdek onze huidige vacatures of ontdek hoe wij leiders voorbereiden op de toekomst.<\/p>\n\r\n        <\/div>[\/vc_column][vc_column width=&#8221;1\/12&#8243; offset=&#8221;vc_col-lg-1 vc_col-md-1 vc_hidden-sm vc_hidden-xs&#8221;][\/vc_column][vc_column offset=&#8221;vc_col-lg-4 vc_col-md-4&#8243;]\r\n                <a class=\"sd-block-cta  marginbottom-30px size-large\" title=\"Vacatures\" href=\"https:\/\/kennedybenelux.com\/nl\/voor-kandidaten\/vacatures\/\"\r\n                >\r\n\t\t\t\t<div class=\"cta-inner no-image\">\r\n\t\t\t\t\t<div class=\"cta-content\"><div class=\"sd-block-cta-title\">\r\n\t\t\t\t\t\t\t\t\t\r\n        <div class=\"sd-block-title \">\r\n            <h3 class=\"sd-block-title-htag  marginbottom-30px align-left sub-title-position-below color-blue font-mini\r\n            \">\r\n            \tVacatures\r\n            <\/h3>\r\n        <\/div>\r\n\t\t\t\t\t\t\t\t<\/div><div class=\"sd-block-cta-text\">\r\n\t\t\t\t\t\t\t\t\t \r\n        <div class=\"sd-block-text  marginbottom-30px color-blue\r\n        \">\r\n            <p>Op deze pagina vindt u een selectie van onze vacatures voor executives en management.<\/p>\n\r\n        <\/div>\r\n\t\t\t\t\t\t\t\t<\/div>\r\n\t\t\t\t\t<\/div>\r\n\t\t\t\t\t\r\n        <div class=\"sd-block-button  marginbottom-0px color-terracotta position-right type-background align-left no-text\">\r\n            <span class=\"inner-button\"\r\n            href=\"\">\r\n\t\t\t\t<span class=\"text\"><\/span>\r\n            \t <span class=\"icon\"><svg height=\"15\" width=\"15\" id=\"Layer_1\" xmlns=\"http:\/\/www.w3.org\/2000\/svg\" version=\"1.1\" viewBox=\"0 0 15 15\"><path fill=\"currentColor\" d=\"M12.1,8.3H0v-1.5h12.1L6.4,1.1l1.1-1.1,7.5,7.5-7.5,7.5-1.1-1.1,5.7-5.7Z\"\/><\/svg><\/span><\/span>\r\n        <\/div>\r\n\t\t\t\t<\/div>\r\n\t\t\t<\/a>\r\n                <a class=\"sd-block-cta  marginbottom-0px size-large\" title=\"Upload CV\" href=\"https:\/\/kennedybenelux.com\/for-candidates\/upload-cv\/\"\r\n                >\r\n\t\t\t\t<div class=\"cta-inner no-image\">\r\n\t\t\t\t\t<div class=\"cta-content\"><div class=\"sd-block-cta-title\">\r\n\t\t\t\t\t\t\t\t\t\r\n        <div class=\"sd-block-title \">\r\n            <h3 class=\"sd-block-title-htag  marginbottom-30px align-left sub-title-position-below color-blue font-mini\r\n            \">\r\n            \tUpload CV\r\n            <\/h3>\r\n        <\/div>\r\n\t\t\t\t\t\t\t\t<\/div><div class=\"sd-block-cta-text\">\r\n\t\t\t\t\t\t\t\t\t \r\n        <div class=\"sd-block-text  marginbottom-30px color-blue\r\n        \">\r\n            <p>U bent welkom om uw CV in onze database te uploaden, zodat we u snel kunnen vinden voor toekomstige kansen.<\/p>\n\r\n        <\/div>\r\n\t\t\t\t\t\t\t\t<\/div>\r\n\t\t\t\t\t<\/div>\r\n\t\t\t\t\t\r\n        <div class=\"sd-block-button  marginbottom-0px color-terracotta position-right type-background align-left no-text\">\r\n            <span class=\"inner-button\"\r\n            href=\"\">\r\n\t\t\t\t<span class=\"text\"><\/span>\r\n            \t <span class=\"icon\"><svg height=\"15\" width=\"15\" id=\"Layer_1\" xmlns=\"http:\/\/www.w3.org\/2000\/svg\" version=\"1.1\" viewBox=\"0 0 15 15\"><path fill=\"currentColor\" d=\"M12.1,8.3H0v-1.5h12.1L6.4,1.1l1.1-1.1,7.5,7.5-7.5,7.5-1.1-1.1,5.7-5.7Z\"\/><\/svg><\/span><\/span>\r\n        <\/div>\r\n\t\t\t\t<\/div>\r\n\t\t\t<\/a>[\/vc_column][vc_column width=&#8221;1\/12&#8243; offset=&#8221;vc_col-lg-1 vc_col-md-1 vc_hidden-sm vc_hidden-xs&#8221;][\/vc_column][\/vc_row]<\/p>\n<\/div>","protected":false},"excerpt":{"rendered":"<p>[vc_row full_width=&#8221;stretch_row&#8221; content_placement=&#8221;bottom&#8221; row_height=&#8221;row_500px&#8221; bottom_line=&#8221;yes&#8221; gradient_overlay=&#8221;yes&#8221; css=&#8221;.vc_custom_1738313086332{padding-bottom: 60px !important;background-image: url(https:\/\/kennedybenelux.com\/wp-content\/uploads\/2025\/01\/For-candidates-header.jpg?id=640) !important;background-position: center !important;background-repeat: no-repeat !important;background-size: cover !important;}&#8221;][vc_column][\/vc_column][\/vc_row][vc_row last_row=&#8221;true&#8221; full_width=&#8221;stretch_row&#8221; sd_bg_color=&#8221;sd_bg_gray&#8221;][vc_column width=&#8221;1\/12&#8243; offset=&#8221;vc_col-lg-1 vc_col-md-1 vc_hidden-sm vc_hidden-xs&#8221;][\/vc_column][vc_column col_mobile_margin_bottom=&#8221;60px&#8221; col_tablet_margin_bottom=&#8221;60px&#8221; offset=&#8221;vc_col-lg-5 vc_col-md-5&#8243;][\/vc_column][vc_column width=&#8221;1\/12&#8243; offset=&#8221;vc_col-lg-1 vc_col-md-1 vc_hidden-sm vc_hidden-xs&#8221;][\/vc_column][vc_column offset=&#8221;vc_col-lg-4 vc_col-md-4&#8243;][\/vc_column][vc_column width=&#8221;1\/12&#8243; offset=&#8221;vc_col-lg-1 vc_col-md-1 vc_hidden-sm vc_hidden-xs&#8221;][\/vc_column][\/vc_row]<\/p>\n","protected":false},"author":1,"featured_media":0,"parent":0,"menu_order":0,"comment_status":"closed","ping_status":"closed","template":"","meta":{"_acf_changed":false,"footnotes":""},"class_list":["post-1579","page","type-page","status-publish","hentry"],"acf":[],"yoast_head":"<!-- This site is optimized with the Yoast SEO Premium plugin v26.7 (Yoast SEO v27.0) - https:\/\/yoast.com\/product\/yoast-seo-premium-wordpress\/ -->\n<title>Voor kandidaten | Kennedy Executive<\/title>\n<meta name=\"description\" content=\"Kennedy Executive Benelux begeleidt executives in de Benelux naar een volgende stap in hun carri\u00e8re via discrete en doelgerichte aanpak.\" \/>\n<meta name=\"robots\" content=\"index, follow, max-snippet:-1, max-image-preview:large, max-video-preview:-1\" \/>\n<link rel=\"canonical\" href=\"https:\/\/kennedybenelux.com\/nl\/voor-kandidaten\/\" \/>\n<meta property=\"og:locale\" content=\"nl_NL\" \/>\n<meta property=\"og:type\" content=\"article\" \/>\n<meta property=\"og:title\" content=\"Voor kandidaten\" \/>\n<meta property=\"og:description\" content=\"Kennedy Executive Benelux begeleidt executives in de Benelux naar een volgende stap in hun carri\u00e8re via discrete en doelgerichte aanpak.\" \/>\n<meta property=\"og:url\" content=\"https:\/\/kennedybenelux.com\/nl\/voor-kandidaten\/\" \/>\n<meta property=\"og:site_name\" content=\"Kennedy Executive\" \/>\n<meta property=\"article:modified_time\" content=\"2025-05-15T08:04:13+00:00\" \/>\n<meta property=\"og:image\" content=\"https:\/\/kennedybenelux.com\/wp-content\/uploads\/2025\/02\/Formaat-social-share-afbeelding-voor-yoast.jpg\" \/>\n\t<meta property=\"og:image:width\" content=\"1200\" \/>\n\t<meta property=\"og:image:height\" content=\"630\" \/>\n\t<meta property=\"og:image:type\" content=\"image\/jpeg\" \/>\n<meta name=\"twitter:card\" content=\"summary_large_image\" \/>\n<meta name=\"twitter:label1\" content=\"Geschatte leestijd\" \/>\n\t<meta name=\"twitter:data1\" content=\"1 minuut\" \/>\n<!-- \/ Yoast SEO Premium plugin. -->","yoast_head_json":{"title":"Voor kandidaten | Kennedy Executive","description":"Kennedy Executive Benelux begeleidt executives in de Benelux naar een volgende stap in hun carri\u00e8re via discrete en doelgerichte aanpak.","robots":{"index":"index","follow":"follow","max-snippet":"max-snippet:-1","max-image-preview":"max-image-preview:large","max-video-preview":"max-video-preview:-1"},"canonical":"https:\/\/kennedybenelux.com\/nl\/voor-kandidaten\/","og_locale":"nl_NL","og_type":"article","og_title":"Voor kandidaten","og_description":"Kennedy Executive Benelux begeleidt executives in de Benelux naar een volgende stap in hun carri\u00e8re via discrete en doelgerichte aanpak.","og_url":"https:\/\/kennedybenelux.com\/nl\/voor-kandidaten\/","og_site_name":"Kennedy Executive","article_modified_time":"2025-05-15T08:04:13+00:00","og_image":[{"width":1200,"height":630,"url":"https:\/\/kennedybenelux.com\/wp-content\/uploads\/2025\/02\/Formaat-social-share-afbeelding-voor-yoast.jpg","type":"image\/jpeg"}],"twitter_card":"summary_large_image","twitter_misc":{"Geschatte leestijd":"1 minuut"},"schema":{"@context":"https:\/\/schema.org","@graph":[{"@type":"WebPage","@id":"https:\/\/kennedybenelux.com\/nl\/voor-kandidaten\/","url":"https:\/\/kennedybenelux.com\/nl\/voor-kandidaten\/","name":"Voor kandidaten | Kennedy Executive","isPartOf":{"@id":"https:\/\/kennedybenelux.com\/nl\/#website"},"datePublished":"2025-01-21T16:30:07+00:00","dateModified":"2025-05-15T08:04:13+00:00","description":"Kennedy Executive Benelux begeleidt executives in de Benelux naar een volgende stap in hun carri\u00e8re via discrete en doelgerichte aanpak.","breadcrumb":{"@id":"https:\/\/kennedybenelux.com\/nl\/voor-kandidaten\/#breadcrumb"},"inLanguage":"nl-NL","potentialAction":[{"@type":"ReadAction","target":["https:\/\/kennedybenelux.com\/nl\/voor-kandidaten\/"]}]},{"@type":"BreadcrumbList","@id":"https:\/\/kennedybenelux.com\/nl\/voor-kandidaten\/#breadcrumb","itemListElement":[{"@type":"ListItem","position":1,"name":"Home","item":"https:\/\/kennedybenelux.com\/nl\/"},{"@type":"ListItem","position":2,"name":"Voor kandidaten"}]},{"@type":"WebSite","@id":"https:\/\/kennedybenelux.com\/nl\/#website","url":"https:\/\/kennedybenelux.com\/nl\/","name":"Kennedy Executive Benelux","description":"","publisher":{"@id":"https:\/\/kennedybenelux.com\/nl\/#organization"},"inLanguage":"nl-NL"},{"@type":"Organization","@id":"https:\/\/kennedybenelux.com\/nl\/#organization","name":"Kennedy Executive","url":"https:\/\/kennedybenelux.com\/nl\/","logo":{"@type":"ImageObject","inLanguage":"nl-NL","@id":"https:\/\/kennedybenelux.com\/nl\/#\/schema\/logo\/image\/","url":"https:\/\/kennedybenelux.com\/wp-content\/uploads\/2025\/02\/logo_696x696px.jpg","contentUrl":"https:\/\/kennedybenelux.com\/wp-content\/uploads\/2025\/02\/logo_696x696px.jpg","width":696,"height":696,"caption":"Kennedy Executive"},"image":{"@id":"https:\/\/kennedybenelux.com\/nl\/#\/schema\/logo\/image\/"},"sameAs":["https:\/\/www.linkedin.com\/company\/5226792"]}]}},"_links":{"self":[{"href":"https:\/\/kennedybenelux.com\/nl\/wp-json\/wp\/v2\/pages\/1579","targetHints":{"allow":["GET"]}}],"collection":[{"href":"https:\/\/kennedybenelux.com\/nl\/wp-json\/wp\/v2\/pages"}],"about":[{"href":"https:\/\/kennedybenelux.com\/nl\/wp-json\/wp\/v2\/types\/page"}],"author":[{"embeddable":true,"href":"https:\/\/kennedybenelux.com\/nl\/wp-json\/wp\/v2\/users\/1"}],"replies":[{"embeddable":true,"href":"https:\/\/kennedybenelux.com\/nl\/wp-json\/wp\/v2\/comments?post=1579"}],"version-history":[{"count":8,"href":"https:\/\/kennedybenelux.com\/nl\/wp-json\/wp\/v2\/pages\/1579\/revisions"}],"predecessor-version":[{"id":1886,"href":"https:\/\/kennedybenelux.com\/nl\/wp-json\/wp\/v2\/pages\/1579\/revisions\/1886"}],"wp:attachment":[{"href":"https:\/\/kennedybenelux.com\/nl\/wp-json\/wp\/v2\/media?parent=1579"}],"curies":[{"name":"wp","href":"https:\/\/api.w.org\/{rel}","templated":true}]}}